{"id":340,"date":"2017-01-28T14:50:44","date_gmt":"2017-01-28T12:50:44","guid":{"rendered":"http:\/\/www.harmonize.gr\/testimonials\/"},"modified":"2017-01-30T23:46:01","modified_gmt":"2017-01-30T21:46:01","slug":"testimonials","status":"publish","type":"page","link":"https:\/\/www.harmonize.gr\/en\/testimonials\/","title":{"rendered":"Testimonials"},"content":{"rendered":"<p>[et_pb_section admin_label=&#8221;section&#8221; background_image=&#8221;http:\/\/www.harmonize.gr\/wp-content\/uploads\/header-testimonials.jpg&#8221; transparent_background=&#8221;off&#8221; allow_player_pause=&#8221;off&#8221; inner_shadow=&#8221;on&#8221; parallax=&#8221;off&#8221; parallax_method=&#8221;on&#8221; custom_padding=&#8221;0px|0px|200px|0px&#8221; make_fullwidth=&#8221;off&#8221; use_custom_width=&#8221;off&#8221; width_unit=&#8221;off&#8221; custom_width_px=&#8221;1080px&#8221; custom_width_percent=&#8221;80%&#8221; make_equal=&#8221;off&#8221; use_custom_gutter=&#8221;off&#8221; fullwidth=&#8221;on&#8221; specialty=&#8221;off&#8221; disabled=&#8221;off&#8221;][et_pb_fullwidth_header admin_label=&#8221;Fullwidth Header&#8221; background_layout=&#8221;dark&#8221; text_orientation=&#8221;left&#8221; header_fullscreen=&#8221;off&#8221; header_scroll_down=&#8221;off&#8221; scroll_down_icon=&#8221;;&#8221; parallax=&#8221;off&#8221; parallax_method=&#8221;off&#8221; content_orientation=&#8221;center&#8221; image_orientation=&#8221;center&#8221; title_font_size=&#8221;30px&#8221; content_font_size=&#8221;14px&#8221; custom_button_one=&#8221;off&#8221; button_one_text_size=&#8221;20&#8243; button_one_letter_spacing=&#8221;0&#8243; button_one_use_icon=&#8221;on&#8221; button_one_icon_placement=&#8221;right&#8221; button_one_on_hover=&#8221;on&#8221; button_one_letter_spacing_hover=&#8221;0&#8243; custom_button_two=&#8221;off&#8221; button_two_text_size=&#8221;20&#8243; button_two_letter_spacing=&#8221;0&#8243; button_two_use_icon=&#8221;on&#8221; button_two_icon_placement=&#8221;right&#8221; button_two_on_hover=&#8221;on&#8221; button_two_letter_spacing_hover=&#8221;0&#8243; disabled=&#8221;off&#8221;] [\/et_pb_fullwidth_header][\/et_pb_section][et_pb_section admin_label=&#8221;section&#8221; transparent_background=&#8221;on&#8221; allow_player_pause=&#8221;off&#8221; inner_shadow=&#8221;off&#8221; parallax=&#8221;off&#8221; parallax_method=&#8221;on&#8221; make_fullwidth=&#8221;off&#8221; use_custom_width=&#8221;off&#8221; width_unit=&#8221;off&#8221; custom_width_px=&#8221;1080px&#8221; custom_width_percent=&#8221;80%&#8221; make_equal=&#8221;off&#8221; use_custom_gutter=&#8221;off&#8221; fullwidth=&#8221;off&#8221; specialty=&#8221;off&#8221; disabled=&#8221;off&#8221;][et_pb_row admin_label=&#8221;row&#8221; make_fullwidth=&#8221;off&#8221; use_custom_width=&#8221;off&#8221; width_unit=&#8221;off&#8221; custom_width_px=&#8221;1080px&#8221; custom_width_percent=&#8221;80%&#8221; use_custom_gutter=&#8221;off&#8221; gutter_width=&#8221;3&#8243; allow_player_pause=&#8221;off&#8221; parallax=&#8221;off&#8221; parallax_method=&#8221;on&#8221; make_equal=&#8221;off&#8221; parallax_1=&#8221;off&#8221; parallax_method_1=&#8221;on&#8221; parallax_2=&#8221;off&#8221; parallax_method_2=&#8221;on&#8221; parallax_3=&#8221;off&#8221; parallax_method_3=&#8221;on&#8221; parallax_4=&#8221;off&#8221; parallax_method_4=&#8221;on&#8221; disabled=&#8221;off&#8221;][et_pb_column type=&#8221;1_3&#8243;][et_pb_sidebar admin_label=&#8221;Sidebar&#8221; orientation=&#8221;left&#8221; area=&#8221;sidebar-1&#8243; background_layout=&#8221;light&#8221; remove_border=&#8221;off&#8221; \/][\/et_pb_column][et_pb_column type=&#8221;2_3&#8243;][et_pb_testimonial admin_label=&#8221;Testimonial&#8221; author=&#8221;C.V.&#8221; url_new_window=&#8221;off&#8221; quote_icon=&#8221;on&#8221; use_background_color=&#8221;on&#8221; background_color=&#8221;#f5f5f5&#8243; background_layout=&#8221;light&#8221; text_orientation=&#8221;left&#8221; use_border_color=&#8221;off&#8221; border_style=&#8221;solid&#8221; disabled=&#8221;off&#8221;]<\/p>\n<p>Antigoni a des doigts de f\u00e9e. Connaissant par coeur la carte du corps humain, ses gestes sont s\u00fbrs et pr\u00e9cis. Un a un, elle suit les m\u00e9ridiens qui irriguent le dos, le ventre, la nuque, le cr\u00e2ne, les bras, les jambes, les doigts\u2026 Elle travaille en profondeur, d\u00e9bloque les noeuds, fait circuler l\u2019\u00e9nergie.<\/p>\n<p>On ressort de cette s\u00e9ance de shiatsu r\u00e9g\u00e9n\u00e9r\u00e9 et apais\u00e9. C\u2019est une bulle de d\u00e9tente et de soin que l\u2019on s\u2019offre. Une heure o\u00f9 l\u2019on r\u00e9\u00e9quilibre son corps et son esprit. Une heure pour restaurer l\u2019harmonie en soi.Antigoni a des doigts de f\u00e9e. Connaissant par coeur la carte du corps humain, ses gestes sont s\u00fbrs et pr\u00e9cis. Un a un, elle suit les m\u00e9ridiens qui irriguent le dos, le ventre, la nuque, le cr\u00e2ne, les bras, les jambes, les doigts\u2026<\/p>\n<p>Elle travaille en profondeur, d\u00e9bloque les noeuds, fait circuler l\u2019\u00e9nergie. On ressort de cette s\u00e9ance de shiatsu r\u00e9g\u00e9n\u00e9r\u00e9 et apais\u00e9. C\u2019est une bulle de d\u00e9tente et de soin que l\u2019on s\u2019offre. Une heure o\u00f9 l\u2019on r\u00e9\u00e9quilibre son corps et son esprit. Une heure pour restaurer l\u2019harmonie en soi.<\/p>\n<p>[\/et_pb_testimonial][et_pb_testimonial admin_label=&#8221;Testimonial&#8221; author=&#8221;M.H.&#8221; url_new_window=&#8221;off&#8221; quote_icon=&#8221;on&#8221; use_background_color=&#8221;on&#8221; background_color=&#8221;#f5f5f5&#8243; background_layout=&#8221;light&#8221; text_orientation=&#8221;left&#8221; use_border_color=&#8221;off&#8221; border_style=&#8221;solid&#8221; disabled=&#8221;off&#8221;]<\/p>\n<p>In my experience it is very difficult to find a healing practitioner\u2026with the knowledge, experience, sensitivity and consciousness that Antigoni has.<\/p>\n<p>I feel very grateful that have found her and know that in her hands I am transformed, body, mind and s pirit each and every time. Antigoni is a rare gem-full of love.<\/p>\n<p>[\/et_pb_testimonial][\/et_pb_column][\/et_pb_row][\/et_pb_section]<\/p>\n","protected":false},"excerpt":{"rendered":"<p>Antigoni a des doigts de f&eacute;e. Connaissant par coeur la carte du corps humain, ses gestes sont s&ucirc;rs et pr&eacute;cis. Un a un, elle suit les m&eacute;ridiens qui irriguent le dos, le ventre, la nuque, le cr&acirc;ne, les bras, les jambes, les doigts&hellip; Elle travaille en profondeur, d&eacute;bloque les noeuds, fait circuler l&rsquo;&eacute;nergie. On ressort [&hellip;]<\/p>\n","protected":false},"author":2,"featured_media":0,"parent":0,"menu_order":0,"comment_status":"closed","ping_status":"closed","template":"","meta":{"_et_pb_use_builder":"on","_et_pb_old_content":"","_et_gb_content_width":"","footnotes":""},"class_list":["post-340","page","type-page","status-publish","hentry"],"yoast_head":"<!-- This site is optimized with the Yoast SEO plugin v26.9 - https:\/\/yoast.com\/product\/yoast-seo-wordpress\/ -->\n<title>Testimonials - HARMONIZE by Antigoni Tseggeli<\/title>\n<meta name=\"robots\" content=\"index, follow, max-snippet:-1, max-image-preview:large, max-video-preview:-1\" \/>\n<link rel=\"canonical\" href=\"https:\/\/www.harmonize.gr\/en\/testimonials\/\" \/>\n<meta property=\"og:locale\" content=\"en_US\" \/>\n<meta property=\"og:type\" content=\"article\" \/>\n<meta property=\"og:title\" content=\"Testimonials - HARMONIZE by Antigoni Tseggeli\" \/>\n<meta property=\"og:description\" content=\"Antigoni a des doigts de f&eacute;e. Connaissant par coeur la carte du corps humain, ses gestes sont s&ucirc;rs et pr&eacute;cis. Un a un, elle suit les m&eacute;ridiens qui irriguent le dos, le ventre, la nuque, le cr&acirc;ne, les bras, les jambes, les doigts&hellip; Elle travaille en profondeur, d&eacute;bloque les noeuds, fait circuler l&rsquo;&eacute;nergie. On ressort [&hellip;]\" \/>\n<meta property=\"og:url\" content=\"https:\/\/www.harmonize.gr\/en\/testimonials\/\" \/>\n<meta property=\"og:site_name\" content=\"HARMONIZE by Antigoni Tseggeli\" \/>\n<meta property=\"article:modified_time\" content=\"2017-01-30T21:46:01+00:00\" \/>\n<meta name=\"twitter:card\" content=\"summary_large_image\" \/>\n<meta name=\"twitter:label1\" content=\"Est. reading time\" \/>\n\t<meta name=\"twitter:data1\" content=\"3 minutes\" \/>\n<script type=\"application\/ld+json\" class=\"yoast-schema-graph\">{\"@context\":\"https:\/\/schema.org\",\"@graph\":[{\"@type\":\"WebPage\",\"@id\":\"https:\/\/www.harmonize.gr\/en\/testimonials\/\",\"url\":\"https:\/\/www.harmonize.gr\/en\/testimonials\/\",\"name\":\"Testimonials - HARMONIZE by Antigoni Tseggeli\",\"isPartOf\":{\"@id\":\"https:\/\/www.harmonize.gr\/#website\"},\"datePublished\":\"2017-01-28T12:50:44+00:00\",\"dateModified\":\"2017-01-30T21:46:01+00:00\",\"breadcrumb\":{\"@id\":\"https:\/\/www.harmonize.gr\/en\/testimonials\/#breadcrumb\"},\"inLanguage\":\"en-US\",\"potentialAction\":[{\"@type\":\"ReadAction\",\"target\":[\"https:\/\/www.harmonize.gr\/en\/testimonials\/\"]}]},{\"@type\":\"BreadcrumbList\",\"@id\":\"https:\/\/www.harmonize.gr\/en\/testimonials\/#breadcrumb\",\"itemListElement\":[{\"@type\":\"ListItem\",\"position\":1,\"name\":\"Home\",\"item\":\"https:\/\/www.harmonize.gr\/en\/\"},{\"@type\":\"ListItem\",\"position\":2,\"name\":\"Testimonials\"}]},{\"@type\":\"WebSite\",\"@id\":\"https:\/\/www.harmonize.gr\/#website\",\"url\":\"https:\/\/www.harmonize.gr\/\",\"name\":\"HARMONIZE by Antigoni Tseggeli\",\"description\":\"\u0395\u03bd\u03b1\u03bb\u03bb\u03b1\u03ba\u03c4\u03b9\u03ba\u03ad\u03c2 \u0398\u03b5\u03c1\u03b1\u03c0\u03b5\u03af\u03b5\u03c2 \u03a0\u03c1\u03bf\u03c3\u03ce\u03c0\u03bf\u03c5-\u03a3\u03ce\u03bc\u03b1\u03c4\u03bf\u03c2\",\"potentialAction\":[{\"@type\":\"SearchAction\",\"target\":{\"@type\":\"EntryPoint\",\"urlTemplate\":\"https:\/\/www.harmonize.gr\/?s={search_term_string}\"},\"query-input\":{\"@type\":\"PropertyValueSpecification\",\"valueRequired\":true,\"valueName\":\"search_term_string\"}}],\"inLanguage\":\"en-US\"}]}<\/script>\n<!-- \/ Yoast SEO plugin. -->","yoast_head_json":{"title":"Testimonials - HARMONIZE by Antigoni Tseggeli","robots":{"index":"index","follow":"follow","max-snippet":"max-snippet:-1","max-image-preview":"max-image-preview:large","max-video-preview":"max-video-preview:-1"},"canonical":"https:\/\/www.harmonize.gr\/en\/testimonials\/","og_locale":"en_US","og_type":"article","og_title":"Testimonials - HARMONIZE by Antigoni Tseggeli","og_description":"Antigoni a des doigts de f&eacute;e. Connaissant par coeur la carte du corps humain, ses gestes sont s&ucirc;rs et pr&eacute;cis. Un a un, elle suit les m&eacute;ridiens qui irriguent le dos, le ventre, la nuque, le cr&acirc;ne, les bras, les jambes, les doigts&hellip; Elle travaille en profondeur, d&eacute;bloque les noeuds, fait circuler l&rsquo;&eacute;nergie. On ressort [&hellip;]","og_url":"https:\/\/www.harmonize.gr\/en\/testimonials\/","og_site_name":"HARMONIZE by Antigoni Tseggeli","article_modified_time":"2017-01-30T21:46:01+00:00","twitter_card":"summary_large_image","twitter_misc":{"Est. reading time":"3 minutes"},"schema":{"@context":"https:\/\/schema.org","@graph":[{"@type":"WebPage","@id":"https:\/\/www.harmonize.gr\/en\/testimonials\/","url":"https:\/\/www.harmonize.gr\/en\/testimonials\/","name":"Testimonials - HARMONIZE by Antigoni Tseggeli","isPartOf":{"@id":"https:\/\/www.harmonize.gr\/#website"},"datePublished":"2017-01-28T12:50:44+00:00","dateModified":"2017-01-30T21:46:01+00:00","breadcrumb":{"@id":"https:\/\/www.harmonize.gr\/en\/testimonials\/#breadcrumb"},"inLanguage":"en-US","potentialAction":[{"@type":"ReadAction","target":["https:\/\/www.harmonize.gr\/en\/testimonials\/"]}]},{"@type":"BreadcrumbList","@id":"https:\/\/www.harmonize.gr\/en\/testimonials\/#breadcrumb","itemListElement":[{"@type":"ListItem","position":1,"name":"Home","item":"https:\/\/www.harmonize.gr\/en\/"},{"@type":"ListItem","position":2,"name":"Testimonials"}]},{"@type":"WebSite","@id":"https:\/\/www.harmonize.gr\/#website","url":"https:\/\/www.harmonize.gr\/","name":"HARMONIZE by Antigoni Tseggeli","description":"\u0395\u03bd\u03b1\u03bb\u03bb\u03b1\u03ba\u03c4\u03b9\u03ba\u03ad\u03c2 \u0398\u03b5\u03c1\u03b1\u03c0\u03b5\u03af\u03b5\u03c2 \u03a0\u03c1\u03bf\u03c3\u03ce\u03c0\u03bf\u03c5-\u03a3\u03ce\u03bc\u03b1\u03c4\u03bf\u03c2","potentialAction":[{"@type":"SearchAction","target":{"@type":"EntryPoint","urlTemplate":"https:\/\/www.harmonize.gr\/?s={search_term_string}"},"query-input":{"@type":"PropertyValueSpecification","valueRequired":true,"valueName":"search_term_string"}}],"inLanguage":"en-US"}]}},"_links":{"self":[{"href":"https:\/\/www.harmonize.gr\/en\/wp-json\/wp\/v2\/pages\/340","targetHints":{"allow":["GET"]}}],"collection":[{"href":"https:\/\/www.harmonize.gr\/en\/wp-json\/wp\/v2\/pages"}],"about":[{"href":"https:\/\/www.harmonize.gr\/en\/wp-json\/wp\/v2\/types\/page"}],"author":[{"embeddable":true,"href":"https:\/\/www.harmonize.gr\/en\/wp-json\/wp\/v2\/users\/2"}],"replies":[{"embeddable":true,"href":"https:\/\/www.harmonize.gr\/en\/wp-json\/wp\/v2\/comments?post=340"}],"version-history":[{"count":4,"href":"https:\/\/www.harmonize.gr\/en\/wp-json\/wp\/v2\/pages\/340\/revisions"}],"predecessor-version":[{"id":472,"href":"https:\/\/www.harmonize.gr\/en\/wp-json\/wp\/v2\/pages\/340\/revisions\/472"}],"wp:attachment":[{"href":"https:\/\/www.harmonize.gr\/en\/wp-json\/wp\/v2\/media?parent=340"}],"curies":[{"name":"wp","href":"https:\/\/api.w.org\/{rel}","templated":true}]}}